{"id":2667,"date":"2024-01-06T17:35:03","date_gmt":"2024-01-06T17:35:03","guid":{"rendered":"https:\/\/wordpress.validthemes.net\/agrica\/?page_id=2667"},"modified":"2025-07-04T12:53:32","modified_gmt":"2025-07-04T12:53:32","slug":"contact","status":"publish","type":"page","link":"https:\/\/toka-ks.com\/sq\/contact\/","title":{"rendered":"Kontakti"},"content":{"rendered":"<div data-elementor-type=\"wp-page\" data-elementor-id=\"2667\" class=\"elementor elementor-2667\">\n\t\t\t\t<div class=\"elementor-element elementor-element-2a99bd8 e-con-full contact-page e-flex e-con e-parent\" data-id=\"2a99bd8\" data-element_type=\"container\" data-e-type=\"container\" data-settings=\"{&quot;background_background&quot;:&quot;classic&quot;}\">\n\t\t\t\t<div class=\"elementor-element elementor-element-f68da24 elementor-widget elementor-widget-agricacontactinfo\" data-id=\"f68da24\" data-element_type=\"widget\" data-e-type=\"widget\" data-widget_type=\"agricacontactinfo.default\">\n\t\t\t\t<div class=\"elementor-widget-container\">\n\t\t\t\t\t<div class=\"contact-area overflow-hidden default-padding\"><div class=\"sahpe-right-bottom\"><img decoding=\"async\" src=\"\" alt=\"Image Not Found\"><\/div><div class=\"container\"><div class=\"row align-center\"><div class=\"col-tact-stye-one col-xl-6 col-lg-7\"><div class=\"contact-form-style-one mb-md-50\"><img decoding=\"async\" src=\"https:\/\/toka-ks.com\/wp-content\/uploads\/2024\/10\/output-onlinepngtools.png\" alt=\"Image Not Found\"><h5 class=\"sub-title\">Plot\u00ebsoni formularin e m\u00ebposht\u00ebm dhe ne do t'ju kontaktojm\u00eb sa m\u00eb shpejt qe mundemi<\/h5> <h2 class=\"heading\">Kontaktoni<\/h2>\n<div class=\"wpcf7 no-js\" id=\"wpcf7-f10-o1\" lang=\"en-US\" dir=\"ltr\" data-wpcf7-id=\"10\">\n<div class=\"screen-reader-response\"><p role=\"status\" aria-live=\"polite\" aria-atomic=\"true\"><\/p> <ul><\/ul><\/div>\n<form action=\"\/sq\/wp-json\/wp\/v2\/pages\/2667#wpcf7-f10-o1\" method=\"post\" class=\"wpcf7-form init\" aria-label=\"Contact form\" novalidate=\"novalidate\" data-status=\"init\" data-trp-original-action=\"\/sq\/wp-json\/wp\/v2\/pages\/2667#wpcf7-f10-o1\">\n<div style=\"display: none;\">\n<input type=\"hidden\" name=\"_wpcf7\" value=\"10\" \/>\n<input type=\"hidden\" name=\"_wpcf7_version\" value=\"6.0.6\" \/>\n<input type=\"hidden\" name=\"_wpcf7_locale\" value=\"en_US\" \/>\n<input type=\"hidden\" name=\"_wpcf7_unit_tag\" value=\"wpcf7-f10-o1\" \/>\n<input type=\"hidden\" name=\"_wpcf7_container_post\" value=\"0\" \/>\n<input type=\"hidden\" name=\"_wpcf7_posted_data_hash\" value=\"\" \/>\n<\/div>\n<p><label> Emri juaj<br \/>\n<span class=\"wpcf7-form-control-wrap\" data-name=\"your-name\"><input size=\"40\" maxlength=\"400\" class=\"wpcf7-form-control wpcf7-text wpcf7-validates-as-required\" autocomplete=\"name\" aria-required=\"true\" aria-invalid=\"false\" value=\"\" type=\"text\" name=\"your-name\" \/><\/span> <\/label>\n<\/p>\n<p><label> Emaili juaj<br \/>\n<span class=\"wpcf7-form-control-wrap\" data-name=\"your-email\"><input size=\"40\" maxlength=\"400\" class=\"wpcf7-form-control wpcf7-email wpcf7-validates-as-required wpcf7-text wpcf7-validates-as-email\" autocomplete=\"email\" aria-required=\"true\" aria-invalid=\"false\" value=\"\" type=\"email\" name=\"your-email\" \/><\/span> <\/label>\n<\/p>\n<p><label> Subjekti<br \/>\n<span class=\"wpcf7-form-control-wrap\" data-name=\"your-subject\"><input size=\"40\" maxlength=\"400\" class=\"wpcf7-form-control wpcf7-text wpcf7-validates-as-required\" aria-required=\"true\" aria-invalid=\"false\" value=\"\" type=\"text\" name=\"your-subject\" \/><\/span> <\/label>\n<\/p>\n<p><label> Mesazhi juaj (opsionale)<br \/>\n<span class=\"wpcf7-form-control-wrap\" data-name=\"your-message\"><textarea cols=\"40\" rows=\"10\" maxlength=\"2000\" class=\"wpcf7-form-control wpcf7-textarea\" aria-invalid=\"false\" name=\"your-message\"><\/textarea><\/span> <\/label>\n<\/p>\n<p><input class=\"wpcf7-form-control wpcf7-submit has-spinner\" type=\"submit\" value=\"Dergo\" \/>\n<\/p><div class=\"wpcf7-response-output\" aria-hidden=\"true\"><\/div>\n<input type=\"hidden\" name=\"trp-form-language\" value=\"sq\"\/><\/form>\n<\/div>\n<\/div><\/div><div class=\"col-tact-stye-one col-xl-5 offset-xl-1 col-lg-5\"><div class=\"contact-style-one-info text-light\"><h2>Na kontaktoni tani!<\/h2><p>Ju lutemi jini t\u00eb hapur p\u00ebr \u00e7do gj\u00eb q\u00eb d\u00ebshironi t\u00eb dini, bashk\u00ebpunoni me ne<\/p><ul><li><div class=\"content\"><h5 class=\"title\">Linja telefonike<\/h5><a href=\"tel:+38348166562\">+383-48-166-562 <\/a><\/div><\/li><li><div class=\"info\"><h5 class=\"title\">Lokacioni jon\u00eb<\/h5><p>Pleshin\u00eb-Ferizaj 70000 (Kosov\u00eb)\n<\/p><\/div><\/li><li><div class=\"info\"><h5 class=\"title\">Emaili Zyrtar<\/h5><a href=\"mailto:\">info@toka-ks.com\n<\/a><\/div><\/li><\/ul><\/div><\/div><\/div><\/div><\/div>\t\t\t\t<\/div>\n\t\t\t\t<\/div>\n\t\t\t\t<\/div>\n\t\t<div class=\"elementor-element elementor-element-1b793eb e-grid e-con-boxed e-con e-parent\" data-id=\"1b793eb\" data-element_type=\"container\" data-e-type=\"container\">\n\t\t\t\t\t<div class=\"e-con-inner\">\n\t\t\t\t\t<\/div>\n\t\t\t\t<\/div>\n\t\t\t\t<\/div>","protected":false},"excerpt":{"rendered":"<p>Fill out the form below, and we&#039;ll get back to you as soon as possible Get in Touch Your name Your email Subject Your message (optional) Contact us today! please be open to anything you want to know , cooperate with us Hotline +383-48-166-562 Our Location Pleshin\u00eb-Ferizaj 70000 (Kosov\u00eb) Official Email info@toka-ks.com<\/p>","protected":false},"author":1,"featured_media":0,"parent":0,"menu_order":0,"comment_status":"closed","ping_status":"closed","template":"template-builder.php","meta":{"_seopress_robots_primary_cat":"","_seopress_titles_title":"","_seopress_titles_desc":"","_seopress_robots_index":"","footnotes":""},"class_list":["post-2667","page","type-page","status-publish","hentry"],"_links":{"self":[{"href":"https:\/\/toka-ks.com\/sq\/wp-json\/wp\/v2\/pages\/2667"}],"collection":[{"href":"https:\/\/toka-ks.com\/sq\/wp-json\/wp\/v2\/pages"}],"about":[{"href":"https:\/\/toka-ks.com\/sq\/wp-json\/wp\/v2\/types\/page"}],"author":[{"embeddable":true,"href":"https:\/\/toka-ks.com\/sq\/wp-json\/wp\/v2\/users\/1"}],"replies":[{"embeddable":true,"href":"https:\/\/toka-ks.com\/sq\/wp-json\/wp\/v2\/comments?post=2667"}],"version-history":[{"count":29,"href":"https:\/\/toka-ks.com\/sq\/wp-json\/wp\/v2\/pages\/2667\/revisions"}],"predecessor-version":[{"id":5468,"href":"https:\/\/toka-ks.com\/sq\/wp-json\/wp\/v2\/pages\/2667\/revisions\/5468"}],"wp:attachment":[{"href":"https:\/\/toka-ks.com\/sq\/wp-json\/wp\/v2\/media?parent=2667"}],"curies":[{"name":"wp","href":"https:\/\/api.w.org\/{rel}","templated":true}]}}