{"id":2659,"date":"2024-01-06T17:27:51","date_gmt":"2024-01-06T17:27:51","guid":{"rendered":"https:\/\/wordpress.validthemes.net\/agrica\/?page_id=2659"},"modified":"2025-07-08T13:18:30","modified_gmt":"2025-07-08T13:18:30","slug":"about-us","status":"publish","type":"page","link":"https:\/\/toka-ks.com\/de\/about-us\/","title":{"rendered":"\u00dcber uns"},"content":{"rendered":"<div data-elementor-type=\"wp-page\" data-elementor-id=\"2659\" class=\"elementor elementor-2659\">\n\t\t\t\t<div class=\"elementor-element elementor-element-1b23040 e-con-full e-flex e-con e-parent\" data-id=\"1b23040\" data-element_type=\"container\" data-e-type=\"container\">\n\t\t\t\t<div class=\"elementor-element elementor-element-52ef5b9 elementor-widget elementor-widget-agricaaboutus\" data-id=\"52ef5b9\" data-element_type=\"widget\" data-e-type=\"widget\" data-widget_type=\"agricaaboutus.default\">\n\t\t\t\t<div class=\"elementor-widget-container\">\n\t\t\t\t\t<div class=\"feature-style-one-area default-padding\" style=\"background-image: url();\"><div class=\"container\"><div class=\"row align-center\"><div class=\"col-xl-3 col-lg-6\"><div class=\"feature-style-one-item\"><img decoding=\"async\" src=\"https:\/\/toka-ks.com\/wp-content\/uploads\/2024\/10\/1000008304.jpg\" alt=\"Toka\"  \/><\/div><\/div><div class=\"col-xl-6 col-lg-6 pl-50 pr-50 pl-md-15 pr-md-15 pl-xs-15 pr-xs-15\"><div class=\"feature-style-one-info\"><h2 class=\"vt-title title\">Wir sind ein Familienunternehmen<\/h2><p class=\"vt-desc\">Lumturie is the heart of our manufactory, Bledi her son takes care of the sales, Naim is our\nnet weaver and technical supporter<\/p><p>Wir haben eine starke Zusammenarbeit mit unseren Freunden aus der Schweiz: Joachim, Patrick, Philipp<br \/>Sie sind Miteigent\u00fcmer des Unternehmens und bauen Br\u00fccken.<br \/>Wir sind Partner von\u00a0<\/p><a class=\"btn btn-theme mt-30 btn-md radius animation\" href=\"http:\/\/www.foodnetworks.ch\">foodnetworks.ch<\/a><\/div><\/div><div class=\"col-xl-3 col-lg-12\"><div class=\"featured-product\"><!-- Single Item --><div class=\"product-list-item\"><a href=\"#\"><img decoding=\"async\" src=\"https:\/\/wordpress.validthemes.net\/agrica\/wp-content\/uploads\/2024\/01\/3.png\" alt=\"Toka\"  \/><h5 class=\"vt-f-title\">100% garantiert biologisches Produkt<\/h5><\/a><\/div><!-- End Single Item --><!-- Single Item --><div class=\"product-list-item\"><a href=\"#\"><img decoding=\"async\" src=\"https:\/\/wordpress.validthemes.net\/agrica\/wp-content\/uploads\/2024\/01\/2-1.png\" alt=\"Toka\"  \/><h5 class=\"vt-f-title\">Produktion gesunder Lebensmittel in Spitzenqualit\u00e4t<\/h5><\/a><\/div><!-- End Single Item --><\/div><\/div><\/div><\/div><\/div>\t\t\t\t<\/div>\n\t\t\t\t<\/div>\n\t\t\t\t<\/div>\n\t\t<div class=\"elementor-element elementor-element-c62444c e-con-full e-flex e-con e-parent\" data-id=\"c62444c\" data-element_type=\"container\" data-e-type=\"container\" data-settings=\"{&quot;background_background&quot;:&quot;classic&quot;}\">\n\t\t\t\t<div class=\"elementor-element elementor-element-51acf24 elementor-widget elementor-widget-agricahistory\" data-id=\"51acf24\" data-element_type=\"widget\" data-e-type=\"widget\" data-widget_type=\"agricahistory.default\">\n\t\t\t\t<div class=\"elementor-widget-container\">\n\t\t\t\t\t<div class=\"timeline-area default-padding\"><div class=\"container\"><div class=\"row\"><div class=\"col-lg-8 offset-lg-2\"><div class=\"site-heading\"><h2 class=\"title vt-f-title\">Ferm wurden <br> seit 2017<\/h2> <div class=\"row\"><div class=\"col-xl-10 offset-xl-2\"><p class=\"vt-f-text desc-selector\">BioToka wurde mit dem Ziel gegr\u00fcndet, den Verbrauchern das beste Bio-Obst anzubieten und gleichzeitig nachhaltige Anbaumethoden zu f\u00f6rdern.<\/p><\/div><\/div> <\/div><\/div><\/div><div class=\"row\"><div class=\"col-lg-12\"><div class=\"timeline-items\"><!-- Single Item --> <div class=\"timeline-item\"><h2 class=\"vt-year\">2017<\/h2> <h4 class=\"vt-title\">Offener Bauernhof<\/h4><\/div><!-- Single Item --> <div class=\"timeline-item\"><h2 class=\"vt-year\">2018<\/h2> <h4 class=\"vt-title\">Erste Ausfuhr<\/h4><\/div><!-- Single Item --> <div class=\"timeline-item\"><h2 class=\"vt-year\">2019<\/h2> <h4 class=\"vt-title\">Erweiterung der Fabrik<\/h4><\/div><!-- Single Item --> <div class=\"timeline-item\"><h2 class=\"vt-year\">2020<\/h2> <h4 class=\"vt-title\">Bio-Zertifizierung<\/h4><\/div><!-- Single Item --> <div class=\"timeline-item\"><h2 class=\"vt-year\">2021\n<\/h2> <h4 class=\"vt-title\">Erweiterung der Produktpalette.<\/h4><\/div><!-- Single Item --> <div class=\"timeline-item\"><h2 class=\"vt-year\">2022<\/h2> <h4 class=\"vt-title\">Weiterentwicklung des Maschinenparks<\/h4><\/div><\/div><\/div><\/div><\/div><\/div>\t\t\t\t<\/div>\n\t\t\t\t<\/div>\n\t\t\t\t<\/div>\n\t\t<div class=\"elementor-element elementor-element-9c20e6f e-con-full e-flex e-con e-parent\" data-id=\"9c20e6f\" data-element_type=\"container\" data-e-type=\"container\" data-settings=\"{&quot;background_background&quot;:&quot;classic&quot;}\">\n\t\t\t\t<div class=\"elementor-element elementor-element-9fbeef5 elementor-widget elementor-widget-agricawhychoseus\" data-id=\"9fbeef5\" data-element_type=\"widget\" data-e-type=\"widget\" data-widget_type=\"agricawhychoseus.default\">\n\t\t\t\t<div class=\"elementor-widget-container\">\n\t\t\t\t\t<div class=\"choose-us-style-three-area  text-light\"><div class=\"illustration-bottom\"><img decoding=\"async\" src=\"https:\/\/toka-ks.com\/wp-content\/uploads\/2022\/11\/1.png\" alt=\"Toka\"  \/><\/div><div class=\"shape\" style=\"background-image: url(https:\/\/toka-ks.com\/wp-content\/uploads\/2024\/09\/Foto-7.jpg);\"><\/div><div class=\"container\"><div class=\"row\"><div class=\"col-lg-6 offset-lg-6 pl-60 pl-md-15 pl-xs-15\"><h2 class=\"title vt-f-title\">Unsere Werte:<\/h2><p class=\"vt-f-text desc-selector\">Marktf\u00fchrerschaft mit hochwertigen Bioprodukten, F\u00f6rderung eines ges\u00fcnderen Lebensstils f\u00fcr unsere Gemeinschaft und einer nachhaltigen Zukunft f\u00fcr unseren Planeten<\/p><div class=\"list-grid\"><div class=\"achivement-content\"><div class=\"item\"><div class=\"progressbar\"><div class=\"circle\" data-percent=\"80\"><strong><\/strong><\/div><\/div><h4 class=\"vt-c-title\">Frische<\/h4><\/div><\/div><ul class=\"list-item\"><li>Nachhaltigkeit<\/li><li>Qualit\u00e4t<\/li><li>Integrit\u00e4t<\/li><li>Gemeinschaft<\/li><\/ul><\/div> <\/div><\/div><\/div><\/div>\t\t\t\t<\/div>\n\t\t\t\t<\/div>\n\t\t\t\t<\/div>\n\t\t<div class=\"elementor-element elementor-element-e763d5d e-con-full e-flex e-con e-parent\" data-id=\"e763d5d\" data-element_type=\"container\" data-e-type=\"container\">\n\t\t\t\t<div class=\"elementor-element elementor-element-8375308 elementor-widget elementor-widget-agricateam\" data-id=\"8375308\" data-element_type=\"widget\" data-e-type=\"widget\" data-widget_type=\"agricateam.default\">\n\t\t\t\t<div class=\"elementor-widget-container\">\n\t\t\t\t\t<div class=\"team-style-one-area\"><div class=\"container\"><div class=\"row align-center\"><div class=\"col-lg-4\"><h4 class=\"sub-title\">Unsere F\u00fchrungskr\u00e4fte<\/h4><h2 class=\"title\">Wir sind ein Familienunternehmen<\/h2><a class=\"btn btn-theme secondary mt-10 btn-md radius animation\" href=\"https:\/\/toka-ks.com\/de\/about-us\/\">Treffen Sie uns<\/a><\/div><div class=\"col-lg-7 offset-lg-1\"><div class=\"team-style-one-carousel swiper\"><!-- Additional required wrapper --><div class=\"swiper-wrapper\"><!-- Single Item --><div class=\"swiper-slide\"><div class=\"farmer-style-one-item\"><div class=\"thumb\"><img decoding=\"async\" src=\"https:\/\/toka-ks.com\/wp-content\/uploads\/2025\/07\/New-Project-13.png\" alt=\"Toka\"  \/><div class=\"social\"><i class=\"fas fa-share-alt\"><\/i><ul><\/ul><\/div><\/div><div class=\"info\"><h4><a href=\"\">Naim Shatrolli<\/a><\/h4><\/div><\/div><\/div><!-- End Single Item --><!-- Single Item --><div class=\"swiper-slide\"><div class=\"farmer-style-one-item\"><div class=\"thumb\"><img decoding=\"async\" src=\"https:\/\/toka-ks.com\/wp-content\/uploads\/2025\/07\/New-Project-15.png\" alt=\"Toka\"  \/><div class=\"social\"><i class=\"fas fa-share-alt\"><\/i><ul><\/ul><\/div><\/div><div class=\"info\"><h4><a href=\"\">Patrick Honauer<\/a><\/h4><\/div><\/div><\/div><!-- End Single Item --><!-- Single Item --><div class=\"swiper-slide\"><div class=\"farmer-style-one-item\"><div class=\"thumb\"><img decoding=\"async\" src=\"https:\/\/wordpress.validthemes.net\/agrica\/wp-content\/uploads\/2024\/01\/2-3.jpg\" alt=\"Toka\"  \/><div class=\"social\"><i class=\"fas fa-share-alt\"><\/i><ul><\/ul><\/div><\/div><div class=\"info\"><h4><a href=\"\">Philipp Kern<\/a><\/h4><\/div><\/div><\/div><!-- End Single Item --><!-- Single Item --><div class=\"swiper-slide\"><div class=\"farmer-style-one-item\"><div class=\"thumb\"><img decoding=\"async\" src=\"https:\/\/toka-ks.com\/wp-content\/uploads\/2024\/01\/12-1.jpg\" alt=\"Toka\"  \/><div class=\"social\"><i class=\"fas fa-share-alt\"><\/i><ul><\/ul><\/div><\/div><div class=\"info\"><h4><a href=\"\">Joachim Lichtenhahn<\/a><\/h4><\/div><\/div><\/div><!-- End Single Item --><!-- Single Item --><div class=\"swiper-slide\"><div class=\"farmer-style-one-item\"><div class=\"thumb\"><img decoding=\"async\" src=\"https:\/\/toka-ks.com\/wp-content\/uploads\/2025\/07\/New-Project-14.png\" alt=\"Toka\"  \/><div class=\"social\"><i class=\"fas fa-share-alt\"><\/i><ul><\/ul><\/div><\/div><div class=\"info\"><h4><a href=\"\">Bledi Shatrolli<\/a><\/h4><\/div><\/div><\/div><!-- End Single Item --><\/div><\/div><\/div><\/div><\/div><\/div>\t\t\t\t<\/div>\n\t\t\t\t<\/div>\n\t\t\t\t<\/div>\n\t\t\t\t<\/div>","protected":false},"excerpt":{"rendered":"<p>We are a family business Lumturie is the heart of our manufactory, Bledi her son takes care of the sales, Naim is our net weaver and technical supporter We have a strong collaboration with our friends from Switzerland: Joachim, Patrick, PhilippThey are co-owner of the company and build bridges.We are partner of\u00a0 foodnetworks.ch 100% Guaranteed&#8230;<\/p>","protected":false},"author":1,"featured_media":0,"parent":0,"menu_order":0,"comment_status":"closed","ping_status":"closed","template":"template-builder.php","meta":{"_seopress_robots_primary_cat":"","_seopress_titles_title":"","_seopress_titles_desc":"","_seopress_robots_index":"","footnotes":""},"class_list":["post-2659","page","type-page","status-publish","hentry"],"_links":{"self":[{"href":"https:\/\/toka-ks.com\/de\/wp-json\/wp\/v2\/pages\/2659"}],"collection":[{"href":"https:\/\/toka-ks.com\/de\/wp-json\/wp\/v2\/pages"}],"about":[{"href":"https:\/\/toka-ks.com\/de\/wp-json\/wp\/v2\/types\/page"}],"author":[{"embeddable":true,"href":"https:\/\/toka-ks.com\/de\/wp-json\/wp\/v2\/users\/1"}],"replies":[{"embeddable":true,"href":"https:\/\/toka-ks.com\/de\/wp-json\/wp\/v2\/comments?post=2659"}],"version-history":[{"count":124,"href":"https:\/\/toka-ks.com\/de\/wp-json\/wp\/v2\/pages\/2659\/revisions"}],"predecessor-version":[{"id":5603,"href":"https:\/\/toka-ks.com\/de\/wp-json\/wp\/v2\/pages\/2659\/revisions\/5603"}],"wp:attachment":[{"href":"https:\/\/toka-ks.com\/de\/wp-json\/wp\/v2\/media?parent=2659"}],"curies":[{"name":"wp","href":"https:\/\/api.w.org\/{rel}","templated":true}]}}